{"id":3044,"date":"2024-02-28T09:14:00","date_gmt":"2024-02-28T09:14:00","guid":{"rendered":"https:\/\/ferien-lauterbach.de\/?page_id=3044"},"modified":"2024-05-15T10:20:13","modified_gmt":"2024-05-15T10:20:13","slug":"3044-2","status":"publish","type":"page","link":"https:\/\/ferien-lauterbach.de\/?page_id=3044","title":{"rendered":"Impressum"},"content":{"rendered":"\n<header class=\"entry-header\">\n<h1 class=\"page-title\">Impressum<\/h1>\n<\/header>\n<div class=\"entry-content\">\n<h5><strong>Inhaber von <a href=\"http:\/\/www.bodosieling.de\">www.ferien-lauterbach.de<\/a><\/strong><\/h5>\n<h5><strong>Bodo Sieling<\/strong><\/h5>\n<h5><strong>Dickhardtstra\u00dfe 9<\/strong><\/h5>\n<h5><strong>12159 Berlin<\/strong><\/h5>\n<h5><strong>E-Mail\u00a0 b.sieling@berlin.de<\/strong><\/h5>\n<h5><strong>Telefon 030 851 80 80\u00a0 \/\u00a0 0049 1773554740<\/strong><\/h5>\n<h5>\u00a0<\/h5>\n<p><b>Rechtlicher Hinweis<\/b>:<br \/>Eine Haftung oder Garantie f\u00fcr die Aktualit\u00e4t, Richtigkeit und Vollst\u00e4ndigkeit der zur Verf\u00fcgung gestellten Informationen und Daten ist ausgeschlossen.<\/p>\n<p>Dieser Hinweis gilt auch f\u00fcr alle anderen Websites, auf die durch Hyperlinks verwiesen wird. wwwBodosieling.de ist f\u00fcr den Inhalt von Websites, die mittels einer solchen Verbindung erreicht werden, ebenfalls nicht verantwortlich.<\/p>\n<p>Der Inhalt der Website ist urheberrechtlich gesch\u00fctzt. Deshalb bedarf die Vervielf\u00e4ltigung von Informationen oder Daten der vorherigen schriftlichen Zustimmung. S\u00e4mtliche Informationen oder Daten, deren Nutzung und die Anmeldung zur Website, ebenso s\u00e4mtliches mit der Website zusammenh\u00e4ngendes Tun, Dulden oder Unterlassen unterliegen ausschlie\u00dflich deutschem Recht.<\/p>\n<p>Die auf unseren Webseiten verwendeten externen Links stellen Verweise auf die Internetseiten fremder Anbieter dar. Die Verantwortlichkeit f\u00fcr den Inhalt dieser Seiten und die Rechte daran liegen ausschlie\u00dflich bei deren Anbieter. Wir haften nicht f\u00fcr direkte oder indirekte Sch\u00e4den, die durch die Benutzung der verlinkten Internetseiten eintreten.<\/p>\n<\/div>\n","protected":false},"excerpt":{"rendered":"<p>Impressum Inhaber von www.ferien-lauterbach.de Bodo Sieling Dickhardtstra\u00dfe 9 12159 Berlin E-Mail\u00a0 b.sieling@berlin.de Telefon 030 851 80 80\u00a0 \/\u00a0 0049 1773554740 \u00a0 Rechtlicher Hinweis:Eine Haftung oder Garantie f\u00fcr die Aktualit\u00e4t, Richtigkeit und Vollst\u00e4ndigkeit der zur Verf\u00fcgung gestellten Informationen und Daten ist ausgeschlossen. Dieser Hinweis gilt auch f\u00fcr alle anderen Websites, auf die durch Hyperlinks verwiesen wird.&hellip;<\/p>\n","protected":false},"author":1,"featured_media":0,"parent":0,"menu_order":0,"comment_status":"closed","ping_status":"closed","template":"","meta":{"footnotes":""},"class_list":["post-3044","page","type-page","status-publish","hentry","no-post-thumbnail","post-grid-4-col","entry"],"_links":{"self":[{"href":"https:\/\/ferien-lauterbach.de\/index.php?rest_route=\/wp\/v2\/pages\/3044","targetHints":{"allow":["GET"]}}],"collection":[{"href":"https:\/\/ferien-lauterbach.de\/index.php?rest_route=\/wp\/v2\/pages"}],"about":[{"href":"https:\/\/ferien-lauterbach.de\/index.php?rest_route=\/wp\/v2\/types\/page"}],"author":[{"embeddable":true,"href":"https:\/\/ferien-lauterbach.de\/index.php?rest_route=\/wp\/v2\/users\/1"}],"replies":[{"embeddable":true,"href":"https:\/\/ferien-lauterbach.de\/index.php?rest_route=%2Fwp%2Fv2%2Fcomments&post=3044"}],"version-history":[{"count":3,"href":"https:\/\/ferien-lauterbach.de\/index.php?rest_route=\/wp\/v2\/pages\/3044\/revisions"}],"predecessor-version":[{"id":3356,"href":"https:\/\/ferien-lauterbach.de\/index.php?rest_route=\/wp\/v2\/pages\/3044\/revisions\/3356"}],"wp:attachment":[{"href":"https:\/\/ferien-lauterbach.de\/index.php?rest_route=%2Fwp%2Fv2%2Fmedia&parent=3044"}],"curies":[{"name":"wp","href":"https:\/\/api.w.org\/{rel}","templated":true}]}}